{"id":152,"date":"2026-02-09T17:38:00","date_gmt":"2026-02-09T17:38:00","guid":{"rendered":"https:\/\/lroig.smx2cev.eu\/personalizar-cookies\/"},"modified":"2026-02-09T17:38:00","modified_gmt":"2026-02-09T17:38:00","slug":"personalizar-cookies","status":"publish","type":"page","link":"https:\/\/lroig.smx2cev.eu\/en\/personalizar-cookies\/","title":{"rendered":"Personalizar Cookies"},"content":{"rendered":"<div>\n      <div id=\"custom-cookies-eu-label\">\n          El sitio Web https:\/\/lroig.smx2cev.eu utiliza cookies propias  para su correcto funcionamiento. Al hacer clic en el bot\u00f3n Aceptar, acepta el uso de estas tecnolog\u00edas y el procesamiento de sus datos para estos prop\u00f3sitos.          \n\n      <\/div>\n\n      <div id=\"custom-cookies-eu-buttons\" class=\"cookies-eu-buttons\">\n        <button id=\"custom-cookies-eu-reject\" class=\"cookies-eu-reject\">Rechazar<\/button>\n        <button id=\"custom-cookies-eu-accept\" class=\"cookies-eu-accept\">ACEPTAR TODAS LAS COOKIES<\/button><\/div>\n      <\/div>\n\n<br\/>\n<p>\n\tPuedes cambiar tus preferencias de cookies en cualquier momento si vuelves a la p\u00e1gina de Personalizar cookies, a la que puedes acceder a trav\u00e9s del Aviso de cookies. Para obtener m\u00e1s informaci\u00f3n sobre las cookies y c\u00f3mo las usamos, consulta la p\u00e1gina de <a href=\"https:\/\/lroig.smx2cev.eu\/en\/politica-de-cookies\/\">Pol\u00edtica de Cookies<\/a>.\n<\/p>\n\n<h3>Cookies t\u00e9cnicas<\/h3>\n<p>\n\tSon aquellas que permiten a los usuarios registrados navegar a trav\u00e9s del sitio Web, del \u00e1rea restringida y a utilizar sus diferentes funciones, como por ejemplo, el sistema de comentarios o el buscador y no pueden ser desactivadas.\n<\/p>","protected":false},"excerpt":{"rendered":"<p>El sitio Web https:\/\/lroig.smx2cev.eu utiliza cookies propias para su correcto funcionamiento. Al hacer clic en el bot\u00f3n Aceptar, acepta el uso de estas tecnolog\u00edas y el procesamiento de sus datos para estos prop\u00f3sitos. Rechazar ACEPTAR TODAS LAS COOKIES Puedes cambiar tus preferencias de cookies en cualquier momento si vuelves a la p\u00e1gina de Personalizar cookies, [&hellip;]<\/p>","protected":false},"author":2,"featured_media":0,"parent":0,"menu_order":0,"comment_status":"closed","ping_status":"closed","template":"","meta":{"footnotes":""},"class_list":["post-152","page","type-page","status-publish","hentry"],"yoast_head":"<!-- This site is optimized with the Yoast SEO plugin v27.4 - https:\/\/yoast.com\/product\/yoast-seo-wordpress\/ -->\n<title>Personalizar Cookies -<\/title>\n<meta name=\"robots\" content=\"index, follow, max-snippet:-1, max-image-preview:large, max-video-preview:-1\" \/>\n<link rel=\"canonical\" href=\"https:\/\/lroig.smx2cev.eu\/en\/personalizar-cookies\/\" \/>\n<meta property=\"og:locale\" content=\"en_US\" \/>\n<meta property=\"og:type\" content=\"article\" \/>\n<meta property=\"og:title\" content=\"Personalizar Cookies -\" \/>\n<meta property=\"og:description\" content=\"El sitio Web https:\/\/lroig.smx2cev.eu utiliza cookies propias para su correcto funcionamiento. Al hacer clic en el bot\u00f3n Aceptar, acepta el uso de estas tecnolog\u00edas y el procesamiento de sus datos para estos prop\u00f3sitos. Rechazar ACEPTAR TODAS LAS COOKIES Puedes cambiar tus preferencias de cookies en cualquier momento si vuelves a la p\u00e1gina de Personalizar cookies, [&hellip;]\" \/>\n<meta property=\"og:url\" content=\"https:\/\/lroig.smx2cev.eu\/en\/personalizar-cookies\/\" \/>\n<meta property=\"article:publisher\" content=\"https:\/\/www.facebook.com\/Zara\" \/>\n<meta name=\"twitter:card\" content=\"summary_large_image\" \/>\n<meta name=\"twitter:site\" content=\"@ZARA\" \/>\n<script type=\"application\/ld+json\" class=\"yoast-schema-graph\">{\"@context\":\"https:\\\/\\\/schema.org\",\"@graph\":[{\"@type\":\"WebPage\",\"@id\":\"https:\\\/\\\/lroig.smx2cev.eu\\\/personalizar-cookies\\\/\",\"url\":\"https:\\\/\\\/lroig.smx2cev.eu\\\/personalizar-cookies\\\/\",\"name\":\"Personalizar Cookies -\",\"isPartOf\":{\"@id\":\"https:\\\/\\\/lroig.smx2cev.eu\\\/#website\"},\"datePublished\":\"2026-02-09T17:38:00+00:00\",\"breadcrumb\":{\"@id\":\"https:\\\/\\\/lroig.smx2cev.eu\\\/personalizar-cookies\\\/#breadcrumb\"},\"inLanguage\":\"en-US\",\"potentialAction\":[{\"@type\":\"ReadAction\",\"target\":[\"https:\\\/\\\/lroig.smx2cev.eu\\\/personalizar-cookies\\\/\"]}]},{\"@type\":\"BreadcrumbList\",\"@id\":\"https:\\\/\\\/lroig.smx2cev.eu\\\/personalizar-cookies\\\/#breadcrumb\",\"itemListElement\":[{\"@type\":\"ListItem\",\"position\":1,\"name\":\"Portada\",\"item\":\"https:\\\/\\\/lroig.smx2cev.eu\\\/\"},{\"@type\":\"ListItem\",\"position\":2,\"name\":\"Personalizar Cookies\"}]},{\"@type\":\"WebSite\",\"@id\":\"https:\\\/\\\/lroig.smx2cev.eu\\\/#website\",\"url\":\"https:\\\/\\\/lroig.smx2cev.eu\\\/\",\"name\":\"ZARA STORE\",\"description\":\"Tienda de moda online | Estilo Zara\",\"publisher\":{\"@id\":\"https:\\\/\\\/lroig.smx2cev.eu\\\/#organization\"},\"potentialAction\":[{\"@type\":\"SearchAction\",\"target\":{\"@type\":\"EntryPoint\",\"urlTemplate\":\"https:\\\/\\\/lroig.smx2cev.eu\\\/?s={search_term_string}\"},\"query-input\":{\"@type\":\"PropertyValueSpecification\",\"valueRequired\":true,\"valueName\":\"search_term_string\"}}],\"inLanguage\":\"en-US\"},{\"@type\":\"Organization\",\"@id\":\"https:\\\/\\\/lroig.smx2cev.eu\\\/#organization\",\"name\":\"ZARA STORE\",\"url\":\"https:\\\/\\\/lroig.smx2cev.eu\\\/\",\"logo\":{\"@type\":\"ImageObject\",\"inLanguage\":\"en-US\",\"@id\":\"https:\\\/\\\/lroig.smx2cev.eu\\\/#\\\/schema\\\/logo\\\/image\\\/\",\"url\":\"https:\\\/\\\/lroig.smx2cev.eu\\\/wp-content\\\/uploads\\\/2026\\\/02\\\/zara_nuevo_logo.jpg\",\"contentUrl\":\"https:\\\/\\\/lroig.smx2cev.eu\\\/wp-content\\\/uploads\\\/2026\\\/02\\\/zara_nuevo_logo.jpg\",\"width\":1000,\"height\":700,\"caption\":\"ZARA STORE\"},\"image\":{\"@id\":\"https:\\\/\\\/lroig.smx2cev.eu\\\/#\\\/schema\\\/logo\\\/image\\\/\"},\"sameAs\":[\"https:\\\/\\\/www.facebook.com\\\/Zara\",\"https:\\\/\\\/x.com\\\/ZARA\"]}]}<\/script>\n<!-- \/ Yoast SEO plugin. -->","yoast_head_json":{"title":"Personalizar Cookies -","robots":{"index":"index","follow":"follow","max-snippet":"max-snippet:-1","max-image-preview":"max-image-preview:large","max-video-preview":"max-video-preview:-1"},"canonical":"https:\/\/lroig.smx2cev.eu\/en\/personalizar-cookies\/","og_locale":"en_US","og_type":"article","og_title":"Personalizar Cookies -","og_description":"El sitio Web https:\/\/lroig.smx2cev.eu utiliza cookies propias para su correcto funcionamiento. Al hacer clic en el bot\u00f3n Aceptar, acepta el uso de estas tecnolog\u00edas y el procesamiento de sus datos para estos prop\u00f3sitos. Rechazar ACEPTAR TODAS LAS COOKIES Puedes cambiar tus preferencias de cookies en cualquier momento si vuelves a la p\u00e1gina de Personalizar cookies, [&hellip;]","og_url":"https:\/\/lroig.smx2cev.eu\/en\/personalizar-cookies\/","article_publisher":"https:\/\/www.facebook.com\/Zara","twitter_card":"summary_large_image","twitter_site":"@ZARA","schema":{"@context":"https:\/\/schema.org","@graph":[{"@type":"WebPage","@id":"https:\/\/lroig.smx2cev.eu\/personalizar-cookies\/","url":"https:\/\/lroig.smx2cev.eu\/personalizar-cookies\/","name":"Personalizar Cookies -","isPartOf":{"@id":"https:\/\/lroig.smx2cev.eu\/#website"},"datePublished":"2026-02-09T17:38:00+00:00","breadcrumb":{"@id":"https:\/\/lroig.smx2cev.eu\/personalizar-cookies\/#breadcrumb"},"inLanguage":"en-US","potentialAction":[{"@type":"ReadAction","target":["https:\/\/lroig.smx2cev.eu\/personalizar-cookies\/"]}]},{"@type":"BreadcrumbList","@id":"https:\/\/lroig.smx2cev.eu\/personalizar-cookies\/#breadcrumb","itemListElement":[{"@type":"ListItem","position":1,"name":"Portada","item":"https:\/\/lroig.smx2cev.eu\/"},{"@type":"ListItem","position":2,"name":"Personalizar Cookies"}]},{"@type":"WebSite","@id":"https:\/\/lroig.smx2cev.eu\/#website","url":"https:\/\/lroig.smx2cev.eu\/","name":"ZARA STORE","description":"Tienda de moda online | Estilo Zara","publisher":{"@id":"https:\/\/lroig.smx2cev.eu\/#organization"},"potentialAction":[{"@type":"SearchAction","target":{"@type":"EntryPoint","urlTemplate":"https:\/\/lroig.smx2cev.eu\/?s={search_term_string}"},"query-input":{"@type":"PropertyValueSpecification","valueRequired":true,"valueName":"search_term_string"}}],"inLanguage":"en-US"},{"@type":"Organization","@id":"https:\/\/lroig.smx2cev.eu\/#organization","name":"ZARA STORE","url":"https:\/\/lroig.smx2cev.eu\/","logo":{"@type":"ImageObject","inLanguage":"en-US","@id":"https:\/\/lroig.smx2cev.eu\/#\/schema\/logo\/image\/","url":"https:\/\/lroig.smx2cev.eu\/wp-content\/uploads\/2026\/02\/zara_nuevo_logo.jpg","contentUrl":"https:\/\/lroig.smx2cev.eu\/wp-content\/uploads\/2026\/02\/zara_nuevo_logo.jpg","width":1000,"height":700,"caption":"ZARA STORE"},"image":{"@id":"https:\/\/lroig.smx2cev.eu\/#\/schema\/logo\/image\/"},"sameAs":["https:\/\/www.facebook.com\/Zara","https:\/\/x.com\/ZARA"]}]}},"_hostinger_reach_plugin_has_subscription_block":false,"_hostinger_reach_plugin_is_elementor":false,"_links":{"self":[{"href":"https:\/\/lroig.smx2cev.eu\/en\/wp-json\/wp\/v2\/pages\/152","targetHints":{"allow":["GET"]}}],"collection":[{"href":"https:\/\/lroig.smx2cev.eu\/en\/wp-json\/wp\/v2\/pages"}],"about":[{"href":"https:\/\/lroig.smx2cev.eu\/en\/wp-json\/wp\/v2\/types\/page"}],"author":[{"embeddable":true,"href":"https:\/\/lroig.smx2cev.eu\/en\/wp-json\/wp\/v2\/users\/2"}],"replies":[{"embeddable":true,"href":"https:\/\/lroig.smx2cev.eu\/en\/wp-json\/wp\/v2\/comments?post=152"}],"version-history":[{"count":0,"href":"https:\/\/lroig.smx2cev.eu\/en\/wp-json\/wp\/v2\/pages\/152\/revisions"}],"wp:attachment":[{"href":"https:\/\/lroig.smx2cev.eu\/en\/wp-json\/wp\/v2\/media?parent=152"}],"curies":[{"name":"wp","href":"https:\/\/api.w.org\/{rel}","templated":true}]}}